{"id":495,"date":"2018-11-10T21:44:20","date_gmt":"2018-11-10T20:44:20","guid":{"rendered":"http:\/\/monikasokol.pl\/?page_id=495"},"modified":"2018-11-10T21:44:20","modified_gmt":"2018-11-10T20:44:20","slug":"droga-do-nieba","status":"publish","type":"page","link":"http:\/\/monikasokol.pl\/?page_id=495","title":{"rendered":"Droga do nieba"},"content":{"rendered":"<p>Droga do nieba powsta\u0142a jako wprawka pisarska w odpowiedzi na jeden z konkurs\u00f3w. Organizator narzuci\u0142 konkretne elementy, jakie musia\u0142y pojawi\u0107 si\u0119 w opowiadaniu: akcja musia\u0142a dzia\u0107 si\u0119 na balu u prezydenta, kt\u00f3ry nagle otrzymuje wiadomo\u015b\u0107-przypomnienie podan\u0105 mu w bukiecie \u017conkili, o katastrofie maj\u0105cej nast\u0105pi\u0107 nazajutrz. Ilo\u015b\u0107 znak\u00f3w tak\u017ce by\u0142a okre\u015blona. Opowiadanie powsta\u0142o w 2018 roku. Pod fragmentem znajduje si\u0119 ca\u0142o\u015b\u0107 w formacie pdf.<\/p>\n<p>Fragment:<\/p>\n<p align=\"JUSTIFY\">&#8222;Na parkingu czeka\u0142a ju\u017c czarna, pancerna limuzyna przys\u0142ana przez O. Ludwik odwr\u00f3ci\u0142 si\u0119, by po raz ostatni spojrze\u0107 na budynek, kt\u00f3ry przez ostatnie cztery lata by\u0142 dla niego domem. Oczyma wyobra\u017ani widzia\u0142, jak pa\u0142ac prezydencki eksploduje fajerwerkami ognia, a ca\u0142a zgromadzona na bankiecie przepe\u0142niona jadem i zaj\u0119ta snuciem intryg elita, ginie pod gruzami. Jak on ich nienawidzi\u0142! Tych spojrze\u0144 ledwie maskuj\u0105cych pogard\u0119, tych szyderczych min, jakie wymieniali mi\u0119dzy sob\u0105 nawet jego najbli\u017csi wsp\u00f3\u0142pracownicy, gdy s\u0105dzili, \u017ce ich nie widzi. Teraz jednak to on by\u0142 g\u00f3r\u0105. U\u015bmiechn\u0105\u0142 si\u0119 z\u0142o\u015bliwie i wsiad\u0142 do samochodu, zostawiaj\u0105c przesz\u0142o\u015b\u0107 za sob\u0105.&#8221;<\/p>\n<p align=\"JUSTIFY\"><a href=\"http:\/\/monikasokol.pl\/wp-content\/uploads\/2018\/11\/Droga-do-nieba.pdf\">Droga do nieba<\/a> &#8211; pdf.<\/p>\n<div id=\"fb-root\"><\/div><script src=\"http:\/\/connect.facebook.net\/en_US\/all.js#xfbml=1\"><\/script><fb:like href=\"http:\/\/monikasokol.pl\/?page_id=495\" send=\"true\" layout=\"standard\" width=\"450\" show_faces=\"true\" font=\"arial\" action=\"like\" colorscheme=\"light\"><\/fb:like>","protected":false},"excerpt":{"rendered":"<p>Droga do nieba powsta\u0142a jako wprawka pisarska w odpowiedzi na jeden z konkurs\u00f3w. Organizator narzuci\u0142 konkretne elementy, jakie musia\u0142y pojawi\u0107 si\u0119 w opowiadaniu: akcja musia\u0142a dzia\u0107 si\u0119 na balu u prezydenta, kt\u00f3ry nagle otrzymuje wiadomo\u015b\u0107-przypomnienie podan\u0105 mu w bukiecie \u017conkili, o katastrofie maj\u0105cej nast\u0105pi\u0107 nazajutrz. Ilo\u015b\u0107 znak\u00f3w tak\u017ce by\u0142a okre\u015blona. Opowiadanie powsta\u0142o w 2018 roku. &hellip; <a href=\"http:\/\/monikasokol.pl\/?page_id=495\" class=\"more-link\">Czytaj dalej <span class=\"screen-reader-text\">Droga do nieba<\/span><\/a><\/p>\n","protected":false},"author":1,"featured_media":0,"parent":22,"menu_order":2,"comment_status":"closed","ping_status":"closed","template":"","meta":{"footnotes":""},"class_list":["post-495","page","type-page","status-publish","hentry"],"_links":{"self":[{"href":"http:\/\/monikasokol.pl\/index.php?rest_route=\/wp\/v2\/pages\/495","targetHints":{"allow":["GET"]}}],"collection":[{"href":"http:\/\/monikasokol.pl\/index.php?rest_route=\/wp\/v2\/pages"}],"about":[{"href":"http:\/\/monikasokol.pl\/index.php?rest_route=\/wp\/v2\/types\/page"}],"author":[{"embeddable":true,"href":"http:\/\/monikasokol.pl\/index.php?rest_route=\/wp\/v2\/users\/1"}],"replies":[{"embeddable":true,"href":"http:\/\/monikasokol.pl\/index.php?rest_route=%2Fwp%2Fv2%2Fcomments&post=495"}],"version-history":[{"count":1,"href":"http:\/\/monikasokol.pl\/index.php?rest_route=\/wp\/v2\/pages\/495\/revisions"}],"predecessor-version":[{"id":497,"href":"http:\/\/monikasokol.pl\/index.php?rest_route=\/wp\/v2\/pages\/495\/revisions\/497"}],"up":[{"embeddable":true,"href":"http:\/\/monikasokol.pl\/index.php?rest_route=\/wp\/v2\/pages\/22"}],"wp:attachment":[{"href":"http:\/\/monikasokol.pl\/index.php?rest_route=%2Fwp%2Fv2%2Fmedia&parent=495"}],"curies":[{"name":"wp","href":"https:\/\/api.w.org\/{rel}","templated":true}]}}