{"id":477,"date":"2018-10-10T20:30:17","date_gmt":"2018-10-10T18:30:17","guid":{"rendered":"http:\/\/monikasokol.pl\/?page_id=477"},"modified":"2018-10-10T21:08:12","modified_gmt":"2018-10-10T19:08:12","slug":"han","status":"publish","type":"page","link":"http:\/\/monikasokol.pl\/?page_id=477","title":{"rendered":"Han"},"content":{"rendered":"<p>Jeg skrev &#8222;Han&#8221; i 2017. Det var for meg en forfatteroppgave &#8211; for lenge siden skrev jeg ikke s\u00e5 kort fortelling og jeg hadde lyst \u00e5 pr\u00f8ve at jeg fortsatt kan. Takket v\u00e6re Tomasz, Monica og Hilde ble det oversatt til norsk (jeg er veldig takknemlig for dette). Og endelig kan mine norske og norskspr\u00e5klige venner lese en av mine fortellinger. Kos dere med teksten ;) Nede er full .pdf-versjon.<\/p>\n<p>Fragment:<\/p>\n<p>Et bilde av de som ble drept var en st\u00f8rre pinsel enn Hans daglige dose av gift, som jeg, p\u00e5 en m\u00e5te, hadde blitt resistent mot. Jeg var redd at det ble for alltid \u2013 hverdagstortur og av og til en voldelig katarsis. Fram til politiet skulle finne meg. Jeg kjente at det bare var et sp\u00f8rsm\u00e5l om tid, fordi Han ble mer og mer bekymringsl\u00f8s og fulgte blindt begj\u00e6rene sine uten \u00e5 tenke p\u00e5 konsekvensene. Fangenskapet, rettsm\u00f8tet, dommen, fengselscellen \u2013 alt dette skulle bli for meg, ikke for Ham. Gjerningspersonen ble aldri straffet, fordi Han skulle koble seg ut og la meg bli alene med alt dette.<br \/>\nPlutselig kom jeg p\u00e5 noe. Jeg stanset med en kniv i h\u00e5nden over en halvsk\u00e5ret agurk. Kanskje det var det Han ville? Kanskje alle de drepte personene var en vei, midler til det ekte m\u00e5let \u2013 \u00e5 tilintetgj\u00f8re meg? Han kunne se p\u00e5 fallet mitt og glede seg over hvert moment. Han kunne bli mett av min skam, smerte og frykt helt til enden av sine\/mine\/v\u00e5re dager. Glem det.<\/p>\n<p><a href=\"http:\/\/monikasokol.pl\/wp-content\/uploads\/2018\/10\/Han.pdf\">Han<\/a> &#8211; .pdf-versjon<\/p>\n<div id=\"fb-root\"><\/div><script src=\"http:\/\/connect.facebook.net\/en_US\/all.js#xfbml=1\"><\/script><fb:like href=\"http:\/\/monikasokol.pl\/?page_id=477\" send=\"true\" layout=\"standard\" width=\"450\" show_faces=\"true\" font=\"arial\" action=\"like\" colorscheme=\"light\"><\/fb:like>","protected":false},"excerpt":{"rendered":"<p>Jeg skrev &#8222;Han&#8221; i 2017. Det var for meg en forfatteroppgave &#8211; for lenge siden skrev jeg ikke s\u00e5 kort fortelling og jeg hadde lyst \u00e5 pr\u00f8ve at jeg fortsatt kan. Takket v\u00e6re Tomasz, Monica og Hilde ble det oversatt til norsk (jeg er veldig takknemlig for dette). Og endelig kan mine norske og norskspr\u00e5klige &hellip; <a href=\"http:\/\/monikasokol.pl\/?page_id=477\" class=\"more-link\">Czytaj dalej <span class=\"screen-reader-text\">Han<\/span><\/a><\/p>\n","protected":false},"author":1,"featured_media":0,"parent":22,"menu_order":3,"comment_status":"open","ping_status":"closed","template":"","meta":{"footnotes":""},"class_list":["post-477","page","type-page","status-publish","hentry"],"_links":{"self":[{"href":"http:\/\/monikasokol.pl\/index.php?rest_route=\/wp\/v2\/pages\/477","targetHints":{"allow":["GET"]}}],"collection":[{"href":"http:\/\/monikasokol.pl\/index.php?rest_route=\/wp\/v2\/pages"}],"about":[{"href":"http:\/\/monikasokol.pl\/index.php?rest_route=\/wp\/v2\/types\/page"}],"author":[{"embeddable":true,"href":"http:\/\/monikasokol.pl\/index.php?rest_route=\/wp\/v2\/users\/1"}],"replies":[{"embeddable":true,"href":"http:\/\/monikasokol.pl\/index.php?rest_route=%2Fwp%2Fv2%2Fcomments&post=477"}],"version-history":[{"count":2,"href":"http:\/\/monikasokol.pl\/index.php?rest_route=\/wp\/v2\/pages\/477\/revisions"}],"predecessor-version":[{"id":490,"href":"http:\/\/monikasokol.pl\/index.php?rest_route=\/wp\/v2\/pages\/477\/revisions\/490"}],"up":[{"embeddable":true,"href":"http:\/\/monikasokol.pl\/index.php?rest_route=\/wp\/v2\/pages\/22"}],"wp:attachment":[{"href":"http:\/\/monikasokol.pl\/index.php?rest_route=%2Fwp%2Fv2%2Fmedia&parent=477"}],"curies":[{"name":"wp","href":"https:\/\/api.w.org\/{rel}","templated":true}]}}